{"id":193,"date":"2024-12-05T21:34:32","date_gmt":"2024-12-05T21:34:32","guid":{"rendered":"http:\/\/wordpres.ciaexaminadora.com.mx\/?page_id=193"},"modified":"2024-12-12T18:54:24","modified_gmt":"2024-12-12T18:54:24","slug":"servicios","status":"publish","type":"page","link":"https:\/\/www.ciaexaminadora.com.mx\/index.php\/servicios\/","title":{"rendered":"Servicios"},"content":{"rendered":"\n<div class=\"wp-block-qubely-wrapper qubely-block-3b258b\"><div class=\"qubely-block-wrapper-block \">\n<div class=\"wp-block-qubely-heading qubely-block-46eb0f\" data-qubelyanimation=\"{&quot;animation&quot;:&quot;flip&quot;,&quot;name&quot;:&quot;flipRight&quot;,&quot;repeat&quot;:&quot;once&quot;,&quot;direction&quot;:&quot;Right&quot;,&quot;duration&quot;:&quot;1438&quot;,&quot;delay&quot;:&quot;0&quot;,&quot;curve&quot;:&quot;ease-in-out&quot;,&quot;openAnimation&quot;:1}\"><div class=\"qubely-block-heading  \"><div class=\"qubely-heading-container\"><h2 class=\"qubely-heading-selector\">Servicios log\u00edsticos en los tr\u00e1ficos a\u00e9reo, mar\u00edtimo y terrestre, relativos a :<\/h2><\/div><\/div><\/div>\n<\/div><\/div>\n\n\n\n<div class=\"wp-block-qubely-wrapper qubely-block-d74a06\"><div class=\"qubely-block-wrapper-block \">\n<div class=\"wp-block-qubely-advancedlist qubely-block-a68dc9\" data-qubelyanimation=\"{&quot;animation&quot;:&quot;fade&quot;,&quot;name&quot;:&quot;fadeCenter&quot;,&quot;repeat&quot;:&quot;once&quot;,&quot;direction&quot;:&quot;Center&quot;,&quot;duration&quot;:&quot;1676&quot;,&quot;delay&quot;:&quot;1071&quot;,&quot;curve&quot;:&quot;ease-in-out&quot;,&quot;openAnimation&quot;:1}\"><div class=\"qubely-block-advanced-list  qubely-alignment-left\"><ul class=\"qubely-list qubely-list-type-unordered qubely-list-bullet-check-circle-outline\"><li>Unificaci\u00f3n de erogaciones.<\/li><li>Pesaje.<\/li><li>Seguros.<\/li><li>Cobertura de garant\u00edas.<\/li><li>Obtenci\u00f3n de EIR.<\/li><li>Lavado y limpieza de contenedores.\u00a0<\/li><li>Elaboraci\u00f3n de etiquetas de informaci\u00f3n comercial y para IMO.<\/li><li>Arrastre a carro de FFCC.<\/li><li>Traslado de mercanc\u00edas.<\/li><li>Gesti\u00f3n de transferencia entre recintos fiscalizados.\u00a0<\/li><li>Manejo, almacenaje y custodia.\u00a0<\/li><li>Contrataci\u00f3n de temperatura controlada en recinto fiscalizado.\u00a0<\/li><li>Asistencia de revisi\u00f3n no intrusiva (rayos gamma).\u00a0<\/li><li>Uso de montacargas.<\/li><li>Maniobras de carga y descarga.<\/li><li>Cruce internacional.<\/li><li>Fumigaci\u00f3n.\u00a0<\/li><li>Log\u00edstica en transporte terrestre.<\/li><li>Resguardo y renta de contenedores o caja seca.\u00a0<\/li><li>Estancia\u00a0de veh\u00edculos de transporte.\u00a0<\/li><li>Monitoreo satelital en transporte.<\/li><\/ul><\/div><\/div>\n<\/div><\/div>\n","protected":false},"excerpt":{"rendered":"","protected":false},"author":1,"featured_media":0,"parent":0,"menu_order":0,"comment_status":"closed","ping_status":"closed","template":"","meta":{"qubely_global_settings":"","qubely_interactions":"","_joinchat":[],"footnotes":""},"blocksy_meta":{"page_structure_type":"type-3","styles_descriptor":{"styles":{"desktop":"","tablet":"","mobile":""},"google_fonts":[],"version":6}},"_links":{"self":[{"href":"https:\/\/www.ciaexaminadora.com.mx\/index.php\/wp-json\/wp\/v2\/pages\/193"}],"collection":[{"href":"https:\/\/www.ciaexaminadora.com.mx\/index.php\/wp-json\/wp\/v2\/pages"}],"about":[{"href":"https:\/\/www.ciaexaminadora.com.mx\/index.php\/wp-json\/wp\/v2\/types\/page"}],"author":[{"embeddable":true,"href":"https:\/\/www.ciaexaminadora.com.mx\/index.php\/wp-json\/wp\/v2\/users\/1"}],"replies":[{"embeddable":true,"href":"https:\/\/www.ciaexaminadora.com.mx\/index.php\/wp-json\/wp\/v2\/comments?post=193"}],"version-history":[{"count":25,"href":"https:\/\/www.ciaexaminadora.com.mx\/index.php\/wp-json\/wp\/v2\/pages\/193\/revisions"}],"predecessor-version":[{"id":561,"href":"https:\/\/www.ciaexaminadora.com.mx\/index.php\/wp-json\/wp\/v2\/pages\/193\/revisions\/561"}],"wp:attachment":[{"href":"https:\/\/www.ciaexaminadora.com.mx\/index.php\/wp-json\/wp\/v2\/media?parent=193"}],"curies":[{"name":"wp","href":"https:\/\/api.w.org\/{rel}","templated":true}]}}